{"id":2,"date":"2020-05-11T16:19:58","date_gmt":"2020-05-11T08:19:58","guid":{"rendered":"http:\/\/www.cfsubpaper.com\/?page_id=2"},"modified":"2025-10-16T18:44:07","modified_gmt":"2025-10-16T10:44:07","slug":"home","status":"publish","type":"page","link":"https:\/\/www.cfsubpaper.com\/vi\/","title":{"rendered":"Trang ch\u1ee7"},"content":{"rendered":"<p>\u0110\u00e2y l\u00e0 trang m\u1eabu. Trang v\u00e0 b\u00e0i \u0111\u0103ng blog kh\u00e1c nhau \u1edf ch\u1ed7 n\u00f3 \u0111\u01b0\u1ee3c c\u1ed1 \u0111\u1ecbnh v\u00e0 th\u01b0\u1eddng \u0111\u01b0\u1ee3c hi\u1ec3n th\u1ecb tr\u00ean thanh \u0111i\u1ec1u h\u01b0\u1edbng trang web. R\u1ea5t nhi\u1ec1u ng\u01b0\u1eddi d\u00f9ng t\u1ea1o trang Gi\u1edbi thi\u1ec7u \u0111\u1ec3 gi\u1edbi thi\u1ec7u b\u1ea3n th\u00e2n v\u1edbi kh\u00e1ch truy c\u1eadp. V\u00ed d\u1ee5:<\/p>\r\n\r\n\r\n<blockquote class=\"wp-block-quote is-layout-flow wp-block-quote-is-layout-flow\">\r\n<p>Ch\u00e0o m\u1eebng! T\u00f4i l\u00e0 m\u1ed9t ng\u01b0\u1eddi \u0111\u01b0a th\u01b0 v\u00e0o ban ng\u00e0y v\u00e0 l\u00e0 m\u1ed9t di\u1ec5n vi\u00ean \u0111\u1ea7y tham v\u1ecdng v\u00e0o ban \u0111\u00eam. \u0110\u00e2y l\u00e0 trang web c\u1ee7a t\u00f4i. T\u00f4i s\u1ed1ng \u1edf \u0111\u1ebf \u0111\u00f4 Thi\u00ean tri\u1ec1u, c\u00f3 m\u1ed9t con ch\u00f3 t\u00ean l\u00e0 Jack.<\/p>\r\n<\/blockquote>\r\n\r\n\r\n<p>...... ho\u1eb7c c\u00e1i n\u00e0y:<\/p>\r\n\r\n\r\n<blockquote class=\"wp-block-quote is-layout-flow wp-block-quote-is-layout-flow\">\r\n<p>C\u00f4ng ty XYZ Doohickey \u0111\u01b0\u1ee3c th\u00e0nh l\u1eadp v\u00e0o n\u0103m 1971 v\u00e0 k\u1ec3 t\u1eeb khi th\u00e0nh l\u1eadp, ch\u00fang t\u00f4i \u0111\u00e3 \u0111\u00f3ng g\u00f3p doohickey tuy\u1ec7t v\u1eddi cho x\u00e3 h\u1ed9i. Tr\u1ee5 s\u1edf ch\u00ednh c\u1ee7a c\u00f4ng ty ch\u00fang ta \u1edf Ma \u0110\u00f4 Thi\u00ean tri\u1ec1u, c\u00f3 h\u01a1n hai ng\u00e0n nh\u00e2n vi\u00ean, c\u00f3 c\u1ed1ng hi\u1ebfn to l\u1edbn \u0111\u1ed1i v\u1edbi thu\u1ebf thu nh\u1eadp c\u1ee7a ch\u00ednh ph\u1ee7 Ma \u0110\u00f4.<\/p>\r\n<\/blockquote>\r\n\r\n\r\n<p>V\u00e0 b\u1ea1n, l\u00e0 m\u1ed9t ng\u01b0\u1eddi d\u00f9ng WordPress, ch\u00fang t\u00f4i khuy\u00ean b\u1ea1n n\u00ean truy c\u1eadp<a href=\"http:\/\/www.cfsubpaper.com\/wp-admin\/\">B\u1ea3ng \u0111i\u1ec1u khi\u1ec3n<\/a>X\u00f3a trang n\u00e0y, sau \u0111\u00f3 th\u00eam trang c\u1ee7a ri\u00eang b\u1ea1n. T\u1eadn h\u01b0\u1edfng s\u1eed d\u1ee5ng!<\/p>","protected":false},"excerpt":{"rendered":"<p>\u0110\u00e2y l\u00e0 trang m\u1eabu. Trang v\u00e0 b\u00e0i \u0111\u0103ng blog kh\u00e1c nhau \u1edf ch\u1ed7 n\u00f3 \u0111\u01b0\u1ee3c c\u1ed1 \u0111\u1ecbnh v\u00e0 th\u01b0\u1eddng \u0111\u01b0\u1ee3c hi\u1ec3n th\u1ecb tr\u00ean thanh \u0111i\u1ec1u h\u01b0\u1edbng trang web. R\u1ea5t nhi\u1ec1u ng\u01b0\u1eddi d\u00f9ng t\u1ea1o trang Gi\u1edbi thi\u1ec7u \u0111\u1ec3 gi\u1edbi thi\u1ec7u b\u1ea3n th\u00e2n v\u1edbi kh\u00e1ch truy c\u1eadp. V\u00ed d\u1ee5: Welcome! T\u00f4i l\u00e0 m\u1ed9t ng\u01b0\u1eddi \u0111\u01b0a th\u01b0 v\u00e0o ban ng\u00e0y v\u00e0 l\u00e0 m\u1ed9t di\u1ec5n vi\u00ean \u0111\u1ea7y tham v\u1ecdng v\u00e0o ban \u0111\u00eam. \u0110\u00e2y l\u00e0 trang web c\u1ee7a t\u00f4i. T\u00f4i s\u1ed1ng \u1edf \u0111\u1ebf \u0111\u00f4 Thi\u00ean tri\u1ec1u, c\u00f3 m\u1ed9t con ch\u00f3 t\u00ean l\u00e0 Jack. XYZ Doohickey \u0111\u01b0\u1ee3c th\u00e0nh l\u1eadp v\u00e0o n\u0103m 1971 v\u00e0 k\u1ec3 t\u1eeb khi th\u00e0nh l\u1eadp, ch\u00fang t\u00f4i \u0111\u00e3 \u0111\u00f3ng g\u00f3p doohickey tuy\u1ec7t v\u1eddi cho x\u00e3 h\u1ed9i. Tr\u1ee5 s\u1edf ch\u00ednh c\u1ee7a c\u00f4ng ty ch\u00fang ta \u1edf Ma \u0110\u00f4 Thi\u00ean tri\u1ec1u, c\u00f3 h\u01a1n hai ng\u00e0n nh\u00e2n vi\u00ean, c\u00f3 c\u1ed1ng hi\u1ebfn to l\u1edbn \u0111\u1ed1i v\u1edbi thu\u1ebf thu nh\u1eadp c\u1ee7a ch\u00ednh ph\u1ee7 Ma \u0110\u00f4. V\u00e0 b\u1ea1n, v\u1edbi t\u01b0 c\u00e1ch l\u00e0 ng\u01b0\u1eddi d\u00f9ng WordPress, ch\u00fang t\u00f4i khuy\u00ean b\u1ea1n n\u00ean truy c\u1eadp b\u1ea3ng \u0111i\u1ec1u khi\u1ec3n, x\u00f3a trang n\u00e0y v\u00e0 sau \u0111\u00f3 th\u00eam trang c\u1ee7a ri\u00eang b\u1ea1n. T\u1eadn h\u01b0\u1edfng s\u1eed d\u1ee5ng!<\/p>","protected":false},"author":1,"featured_media":0,"parent":0,"menu_order":3,"comment_status":"closed","ping_status":"closed","template":"index.php","meta":{"footnotes":""},"class_list":["post-2","page","type-page","status-publish","hentry"],"_links":{"self":[{"href":"https:\/\/www.cfsubpaper.com\/vi\/wp-json\/wp\/v2\/pages\/2","targetHints":{"allow":["GET"]}}],"collection":[{"href":"https:\/\/www.cfsubpaper.com\/vi\/wp-json\/wp\/v2\/pages"}],"about":[{"href":"https:\/\/www.cfsubpaper.com\/vi\/wp-json\/wp\/v2\/types\/page"}],"author":[{"embeddable":true,"href":"https:\/\/www.cfsubpaper.com\/vi\/wp-json\/wp\/v2\/users\/1"}],"replies":[{"embeddable":true,"href":"https:\/\/www.cfsubpaper.com\/vi\/wp-json\/wp\/v2\/comments?post=2"}],"version-history":[{"count":26,"href":"https:\/\/www.cfsubpaper.com\/vi\/wp-json\/wp\/v2\/pages\/2\/revisions"}],"predecessor-version":[{"id":2550,"href":"https:\/\/www.cfsubpaper.com\/vi\/wp-json\/wp\/v2\/pages\/2\/revisions\/2550"}],"wp:attachment":[{"href":"https:\/\/www.cfsubpaper.com\/vi\/wp-json\/wp\/v2\/media?parent=2"}],"curies":[{"name":"WP","href":"https:\/\/api.w.org\/{rel}","templated":true}]}}