{"id":2,"date":"2020-05-11T16:19:58","date_gmt":"2020-05-11T08:19:58","guid":{"rendered":"http:\/\/www.cfsubpaper.com\/?page_id=2"},"modified":"2025-10-16T18:44:07","modified_gmt":"2025-10-16T10:44:07","slug":"home","status":"publish","type":"page","link":"https:\/\/www.cfsubpaper.com\/fr\/","title":{"rendered":"Accueil"},"content":{"rendered":"<p>Voici la page de d\u00e9monstration. Les pages et les articles de blog sont diff\u00e9rents, sa position est fixe et appara\u00eet g\u00e9n\u00e9ralement dans la barre de navigation du site. De nombreux utilisateurs cr\u00e9ent une page \u00ab \u00c0 propos \u00bb pour se pr\u00e9senter aux visiteurs. Par exemple:<\/p>\r\n\r\n\r\n<blockquote class=\"wp-block-quote is-layout-flow wp-block-quote-is-layout-flow\">\r\n<p>Bienvenue! Je suis facteur le jour et aspirant acteur la nuit. C'est mon site. J'habite dans la capitale imp\u00e9riale de la dynastie Tian et j'ai un chien appel\u00e9 Jack.<\/p>\r\n<\/blockquote>\r\n\r\n\r\n<p>... ou celui - ci:<\/p>\r\n\r\n\r\n<blockquote class=\"wp-block-quote is-layout-flow wp-block-quote-is-layout-flow\">\r\n<p>La soci\u00e9t\u00e9 XYZ doohickey a \u00e9t\u00e9 fond\u00e9e en 1971 et depuis sa cr\u00e9ation, nous avons apport\u00e9 d'excellents doohickey \u00e0 la soci\u00e9t\u00e9. Notre soci\u00e9t\u00e9, dont le si\u00e8ge social est situ\u00e9 dans la dynastie du diable, emploie plus de deux mille personnes et contribue grandement aux imp\u00f4ts du Gouvernement du diable.<\/p>\r\n<\/blockquote>\r\n\r\n\r\n<p>Et vous, en tant qu\u2019utilisateur de WordPress, nous vous recommandons de visiter<a href=\"http:\/\/www.cfsubpaper.com\/wp-admin\/\">Panneau de contr\u00f4le<\/a>, supprimez cette page, puis ajoutez la v\u00f4tre. Bonne utilisation!<\/p>","protected":false},"excerpt":{"rendered":"<p>Voici la page de d\u00e9monstration. Les pages et les articles de blog sont diff\u00e9rents, sa position est fixe et appara\u00eet g\u00e9n\u00e9ralement dans la barre de navigation du site. De nombreux utilisateurs cr\u00e9ent une page \u00ab \u00c0 propos \u00bb pour se pr\u00e9senter aux visiteurs. Par exemple: Bienvenue! Je suis facteur le jour et aspirant acteur la nuit. C'est mon site. J'habite dans la capitale imp\u00e9riale de la dynastie Tian et j'ai un chien appel\u00e9 Jack. ... ou ceci: la soci\u00e9t\u00e9 XYZ doohickey a \u00e9t\u00e9 fond\u00e9e en 1971 et depuis sa cr\u00e9ation, nous avons apport\u00e9 d'excellents doohickey \u00e0 la soci\u00e9t\u00e9. Notre soci\u00e9t\u00e9, dont le si\u00e8ge social est situ\u00e9 dans la dynastie du diable, emploie plus de deux mille personnes et contribue grandement aux imp\u00f4ts du Gouvernement du diable. Et vous, en tant qu\u2019utilisateur de WordPress, nous vous recommandons de visiter le panneau de contr\u00f4le, de supprimer cette page et d\u2019ajouter votre propre page. Bonne utilisation!<\/p>","protected":false},"author":1,"featured_media":0,"parent":0,"menu_order":3,"comment_status":"closed","ping_status":"closed","template":"index.php","meta":{"footnotes":""},"class_list":["post-2","page","type-page","status-publish","hentry"],"_links":{"self":[{"href":"https:\/\/www.cfsubpaper.com\/fr\/wp-json\/wp\/v2\/pages\/2","targetHints":{"allow":["GET"]}}],"collection":[{"href":"https:\/\/www.cfsubpaper.com\/fr\/wp-json\/wp\/v2\/pages"}],"about":[{"href":"https:\/\/www.cfsubpaper.com\/fr\/wp-json\/wp\/v2\/types\/page"}],"author":[{"embeddable":true,"href":"https:\/\/www.cfsubpaper.com\/fr\/wp-json\/wp\/v2\/users\/1"}],"replies":[{"embeddable":true,"href":"https:\/\/www.cfsubpaper.com\/fr\/wp-json\/wp\/v2\/comments?post=2"}],"version-history":[{"count":26,"href":"https:\/\/www.cfsubpaper.com\/fr\/wp-json\/wp\/v2\/pages\/2\/revisions"}],"predecessor-version":[{"id":2550,"href":"https:\/\/www.cfsubpaper.com\/fr\/wp-json\/wp\/v2\/pages\/2\/revisions\/2550"}],"wp:attachment":[{"href":"https:\/\/www.cfsubpaper.com\/fr\/wp-json\/wp\/v2\/media?parent=2"}],"curies":[{"name":"WP","href":"https:\/\/api.w.org\/{rel}","templated":true}]}}