{"id":2,"date":"2020-05-11T16:19:58","date_gmt":"2020-05-11T08:19:58","guid":{"rendered":"http:\/\/www.cfsubpaper.com\/?page_id=2"},"modified":"2025-10-16T18:44:07","modified_gmt":"2025-10-16T10:44:07","slug":"home","status":"publish","type":"page","link":"https:\/\/www.cfsubpaper.com\/de\/","title":{"rendered":"Startseite"},"content":{"rendered":"<p>Dies ist eine Demonstrationsseite. Im Gegensatz zu einer Seite und einem Blogbeitrag ist ihre Position fest und wird in der Regel in der Navigationsleiste der Website angezeigt. Viele Nutzer erstellen eine \u201e\u00dcber\u201c-Seite, um sich ihren Besuchern vorzustellen. Zum Beispiel:<\/p>\r\n\r\n\r\n<blockquote class=\"wp-block-quote is-layout-flow wp-block-quote-is-layout-flow\">\r\n<p>Willkommen! Ich bin tags\u00fcber Postmeister und abends Schauspieler. Das ist meine Website. Ich lebe in der Hauptstadt des Himmels und habe einen Hund namens Jack.<\/p>\r\n<\/blockquote>\r\n\r\n\r\n<p>... oder dieses:<\/p>\r\n\r\n\r\n<blockquote class=\"wp-block-quote is-layout-flow wp-block-quote-is-layout-flow\">\r\n<p>XYZ Doohickey wurde 1971 gegr\u00fcndet und hat seit seiner Gr\u00fcndung ausgezeichnete Doohickies zur Gesellschaft beigetragen. Unser Firmensitz befindet sich in Tianjin und besch\u00e4ftigt \u00fcber 2.000 Mitarbeiter, die einen erheblichen Beitrag zu den Steuern der Regierung von Tianjin leisten.<\/p>\r\n<\/blockquote>\r\n\r\n\r\n<p>Und Sie, als WordPress-Benutzer, empfehlen wir Ihnen einen Besuch<a href=\"http:\/\/www.cfsubpaper.com\/wp-admin\/\">Steuerplatte<\/a>L\u00f6schen Sie diese Seite und f\u00fcgen Sie Ihre eigene Seite hinzu. Viel Spa\u00df!<\/p>","protected":false},"excerpt":{"rendered":"<p>Dies ist eine Demonstrationsseite. Im Gegensatz zu einer Seite und einem Blogbeitrag ist ihre Position fest und wird in der Regel in der Navigationsleiste der Website angezeigt. Viele Nutzer erstellen eine \u201e\u00dcber\u201c-Seite, um sich ihren Besuchern vorzustellen. Zum Beispiel: Willkommen! Ich bin tags\u00fcber Postmeister und abends Schauspieler. Das ist meine Website. Ich lebe in der Hauptstadt des Himmels und habe einen Hund namens Jack.  ... oder dies: XYZ Doohickey wurde 1971 gegr\u00fcndet und seit unserer Gr\u00fcndung haben wir ausgezeichnete Doohickies zur Gesellschaft beigetragen. Unser Firmensitz befindet sich in Tianjin und besch\u00e4ftigt \u00fcber 2.000 Mitarbeiter, die einen erheblichen Beitrag zu den Steuern der Regierung von Tianjin leisten. Und Sie, als WordPress-Benutzer, empfehlen wir Ihnen, das Dashboard zu besuchen, diese Seite zu l\u00f6schen und dann Ihre eigene Seite hinzuzuf\u00fcgen. Viel Spa\u00df!<\/p>","protected":false},"author":1,"featured_media":0,"parent":0,"menu_order":3,"comment_status":"closed","ping_status":"closed","template":"index.php","meta":{"footnotes":""},"class_list":["post-2","page","type-page","status-publish","hentry"],"_links":{"self":[{"href":"https:\/\/www.cfsubpaper.com\/de\/wp-json\/wp\/v2\/pages\/2","targetHints":{"allow":["GET"]}}],"collection":[{"href":"https:\/\/www.cfsubpaper.com\/de\/wp-json\/wp\/v2\/pages"}],"about":[{"href":"https:\/\/www.cfsubpaper.com\/de\/wp-json\/wp\/v2\/types\/page"}],"author":[{"embeddable":true,"href":"https:\/\/www.cfsubpaper.com\/de\/wp-json\/wp\/v2\/users\/1"}],"replies":[{"embeddable":true,"href":"https:\/\/www.cfsubpaper.com\/de\/wp-json\/wp\/v2\/comments?post=2"}],"version-history":[{"count":26,"href":"https:\/\/www.cfsubpaper.com\/de\/wp-json\/wp\/v2\/pages\/2\/revisions"}],"predecessor-version":[{"id":2550,"href":"https:\/\/www.cfsubpaper.com\/de\/wp-json\/wp\/v2\/pages\/2\/revisions\/2550"}],"wp:attachment":[{"href":"https:\/\/www.cfsubpaper.com\/de\/wp-json\/wp\/v2\/media?parent=2"}],"curies":[{"name":"WP","href":"https:\/\/api.w.org\/{rel}","templated":true}]}}